{"id":1997,"date":"2023-06-16T17:21:44","date_gmt":"2023-06-16T20:21:44","guid":{"rendered":"https:\/\/alasdelsurcalafate.com\/?page_id=1997"},"modified":"2023-07-10T20:28:28","modified_gmt":"2023-07-10T23:28:28","slug":"elementor-1997","status":"publish","type":"page","link":"https:\/\/alasdelsurcalafate.com\/?page_id=1997","title":{"rendered":"AEROPUERTO"},"content":{"rendered":"\t\t<div data-elementor-type=\"wp-page\" data-elementor-id=\"1997\" class=\"elementor elementor-1997\">\n\t\t\t\t\t\t\t\t\t<section class=\"elementor-section elementor-top-section elementor-element elementor-element-4d17c5c elementor-section-boxed elementor-section-height-default elementor-section-height-default\" data-id=\"4d17c5c\" data-element_type=\"section\" id=\"AEROPUERTO\" data-settings=\"{&quot;background_background&quot;:&quot;classic&quot;,&quot;shape_divider_top&quot;:&quot;mountains&quot;}\">\n\t\t\t\t\t<div class=\"elementor-shape elementor-shape-top\" data-negative=\"false\">\n\t\t\t<svg xmlns=\"http:\/\/www.w3.org\/2000\/svg\" viewBox=\"0 0 1000 100\" preserveAspectRatio=\"none\">\n\t<path class=\"elementor-shape-fill\" opacity=\"0.33\" d=\"M473,67.3c-203.9,88.3-263.1-34-320.3,0C66,119.1,0,59.7,0,59.7V0h1000v59.7 c0,0-62.1,26.1-94.9,29.3c-32.8,3.3-62.8-12.3-75.8-22.1C806,49.6,745.3,8.7,694.9,4.7S492.4,59,473,67.3z\"\/>\n\t<path class=\"elementor-shape-fill\" opacity=\"0.66\" d=\"M734,67.3c-45.5,0-77.2-23.2-129.1-39.1c-28.6-8.7-150.3-10.1-254,39.1 s-91.7-34.4-149.2,0C115.7,118.3,0,39.8,0,39.8V0h1000v36.5c0,0-28.2-18.5-92.1-18.5C810.2,18.1,775.7,67.3,734,67.3z\"\/>\n\t<path class=\"elementor-shape-fill\" d=\"M766.1,28.9c-200-57.5-266,65.5-395.1,19.5C242,1.8,242,5.4,184.8,20.6C128,35.8,132.3,44.9,89.9,52.5C28.6,63.7,0,0,0,0 h1000c0,0-9.9,40.9-83.6,48.1S829.6,47,766.1,28.9z\"\/>\n<\/svg>\t\t<\/div>\n\t\t\t\t\t<div class=\"elementor-container elementor-column-gap-default\">\n\t\t\t\t\t<div class=\"elementor-column elementor-col-100 elementor-top-column elementor-element elementor-element-6a823d5\" data-id=\"6a823d5\" data-element_type=\"column\">\n\t\t\t<div class=\"elementor-widget-wrap elementor-element-populated\">\n\t\t\t\t\t\t\t\t<div class=\"elementor-element elementor-element-5cf0488 elementor-widget elementor-widget-heading\" data-id=\"5cf0488\" data-element_type=\"widget\" data-widget_type=\"heading.default\">\n\t\t\t\t<div class=\"elementor-widget-container\">\n\t\t\t<style>\/*! elementor - v3.13.3 - 28-05-2023 *\/\n.elementor-heading-title{padding:0;margin:0;line-height:1}.elementor-widget-heading .elementor-heading-title[class*=elementor-size-]>a{color:inherit;font-size:inherit;line-height:inherit}.elementor-widget-heading .elementor-heading-title.elementor-size-small{font-size:15px}.elementor-widget-heading .elementor-heading-title.elementor-size-medium{font-size:19px}.elementor-widget-heading .elementor-heading-title.elementor-size-large{font-size:29px}.elementor-widget-heading .elementor-heading-title.elementor-size-xl{font-size:39px}.elementor-widget-heading .elementor-heading-title.elementor-size-xxl{font-size:59px}<\/style><h2 class=\"elementor-heading-title elementor-size-default\">In\/out Aeropuerto\n<\/h2>\t\t<\/div>\n\t\t\t\t<\/div>\n\t\t\t\t<section class=\"elementor-section elementor-inner-section elementor-element elementor-element-0240597 elementor-section-height-min-height elementor-section-boxed elementor-section-height-default\" data-id=\"0240597\" data-element_type=\"section\">\n\t\t\t\t\t\t<div class=\"elementor-container elementor-column-gap-wide\">\n\t\t\t\t\t<div class=\"elementor-column elementor-col-50 elementor-inner-column elementor-element elementor-element-9acf4e2\" data-id=\"9acf4e2\" data-element_type=\"column\">\n\t\t\t<div class=\"elementor-widget-wrap elementor-element-populated\">\n\t\t\t\t\t\t\t\t<div class=\"elementor-element elementor-element-d9cf568 elementor-widget elementor-widget-shortcode\" data-id=\"d9cf568\" data-element_type=\"widget\" data-widget_type=\"shortcode.default\">\n\t\t\t\t<div class=\"elementor-widget-container\">\n\t\t\t\t\t<div class=\"elementor-shortcode\"><script type=\"text\/javascript\">\r\ndocument.addEventListener(\"DOMContentLoaded\", function(event) { \r\n\tjQuery( '#slider-pro-3-2106' ).sliderPro({\r\n\t\t\/\/width\r\n\t\t\t\twidth: 1500,\r\n\t\t\t\t\r\n\t\t\/\/height\r\n\t\t\t\theight: 1500,\r\n\t\t\t\t\r\n\t\t\/\/auto play\r\n\t\t\t\t\t\tautoplay: true,\r\n\t\tautoplayOnHover: 'pause',\r\n\t\t\t\t\t\tautoplayDelay: 5000,\r\n\t\t\r\n\t\t\r\n\t\tarrows: true,\r\n\t\tbuttons: true,\r\n\t\tsmallSize: 500,\r\n\t\tmediumSize: 1000,\r\n\t\tlargeSize: 3000,\r\n\t\tfade: true,\r\n\t\t\r\n\t\t\/\/thumbnail\r\n\t\tthumbnailArrows: true,\r\n\t\tthumbnailWidth: 120,\r\n\t\tthumbnailHeight: 120,\r\n\t\t\t\t\t\tthumbnailsPosition: 'bottom',\r\n\t\t\t\t\t\tcenterImage: true,\r\n\t\timageScaleMode: 'cover',\r\n\t\tallowScaleUp: true,\r\n\t\t\t\tstartSlide: 0,\r\n\t\tloop: true,\r\n\t\tslideDistance: 5,\r\n\t\tautoplayDirection: 'normal',\r\n\t\ttouchSwipe: true,\r\n\t\tfullScreen: true,\r\n\t});\r\n});\r\n<\/script>\r\n<style>\r\n\/* Layout 3 *\/\r\n\/* border *\/\r\n#slider-pro-3-2106 .sp-selected-thumbnail {\r\n\tborder: 4px solid #000000;\r\n}\r\n\r\n\/* font + color *\/\r\n.title-in  {\r\n\tfont-family: Arial !important;\r\n\tcolor: #FFFFFF !important;\r\n\tbackground-color: #000000 !important;\r\n\topacity: 0.7 !important;\r\n}\r\n.desc-in  {\r\n\tfont-family: Arial !important;\r\n\tcolor: #FFFFFF !important;\r\n\tbackground-color: #00000 !important;\r\n\topacity: 0.7 !important;\r\n}\r\n\r\n\/* bullets color *\/\r\n.sp-button  {\r\n\tborder: 2px solid #000000 !important;\r\n}\r\n.sp-selected-button  {\r\n\tbackground-color: #000000 !important;\r\n}\r\n\r\n\/* pointer color - bottom *\/\r\n.sp-selected-thumbnail::before {\r\n\tborder-bottom: 5px solid #000000 !important;\r\n}\r\n.sp-selected-thumbnail::after {\r\n\tborder-bottom: 13px solid #000000 !important;\r\n}\r\n\r\n\/* pointer color - top *\/\r\n\r\n\/* full screen icon *\/\r\n.sp-full-screen-button::before {\r\n    color: #FFFFFF !important;\r\n}\r\n\r\n\/* hover navigation icon color *\/\r\n.sp-next-arrow::after, .sp-next-arrow::before {\r\n\tbackground-color: #FFFFFF !important;\r\n}\r\n.sp-previous-arrow::after, .sp-previous-arrow::before {\r\n\tbackground-color: #FFFFFF !important;\r\n}\r\n\r\n#slider-pro-3-2106 .title-in {\r\n\tcolor: #FFFFFF !important;\r\n\tfont-weight: bolder;\r\n\ttext-align: center;\r\n}\r\n\r\n#slider-pro-3-2106 .title-in-bg {\r\n\tbackground: rgba(255, 255, 255, 0.7); !important;\r\n\twhite-space: unset !important;\r\n\tmax-width: 90%;\r\n\tmin-width: 40%;\r\n\ttransform: initial !important;\r\n\t-webkit-transform: initial !important;\r\n\tfont-size: 14px !important;\r\n}\r\n\r\n#slider-pro-3-2106 .desc-in {\r\n\tcolor: #FFFFFF !important;\r\n\ttext-align: center;\r\n}\r\n#slider-pro-3-2106 .desc-in-bg {\r\n\tbackground: rgba(#00000, 0.7) !important;\r\n\twhite-space: unset !important;\r\n\twidth: 80% !important;\r\n\tmin-width: 30%;\r\n\ttransform: initial !important;\r\n\t-webkit-transform: initial !important;\r\n\tfont-size: 13px !important;\r\n}\r\n\r\n@media (max-width: 640px) {\r\n\t#slider-pro-3-2106 .hide-small-screen {\r\n\t\tdisplay: none;\r\n\t}\r\n}\r\n\r\n@media (max-width: 860px) {\r\n\t#slider-pro-3-2106 .sp-layer {\r\n\t\tfont-size: 18px;\r\n\t}\r\n\t\r\n\t#slider-pro-3-2106 .hide-medium-screen {\r\n\t\tdisplay: none;\r\n\t}\r\n}\r\n.slides-not-found {\r\n\tbackground-color: #a92929;\r\n\tborder-radius: 5px;\r\n\tcolor: #fff;\r\n\tfont-family: initial;\r\n\ttext-align: center;\r\n\tpadding:12px;\r\n}\r\n\/* Custom CSS *\/\r\n<\/style>\r\n\t\t<div id=\"slider-pro-3-2106\" class=\"slider-pro\">\r\n\t\t\t<!---- slides div start ---->\r\n\t\t\t<div class=\"sp-slides\">\r\n\t\t\t\t\t\t\t\t\t\t<div class=\"sp-slide\">\r\n\t\t\t\t\t\t\t<img decoding=\"async\" class=\"sp-image\" alt=\"WhatsApp Image 2023-06-22 at 2.08.33 PM (1)\" src=\"https:\/\/alasdelsurcalafate.com\/wp-content\/plugins\/ultimate-responsive-image-slider\/assets\/css\/images\/blank.gif\" data-src=\"https:\/\/alasdelsurcalafate.com\/wp-content\/uploads\/2023\/06\/WhatsApp-Image-2023-06-22-at-2.08.33-PM-1.jpeg\" \/>\r\n\r\n\t\t\t\t\t\t\t\r\n\t\t\t\t\t\t\t\t\t\t\t\t\t<\/div>\r\n\t\t\t\t\t\t\t\t\t\t\t\t<div class=\"sp-slide\">\r\n\t\t\t\t\t\t\t<img decoding=\"async\" class=\"sp-image\" alt=\"WhatsApp Image 2023-06-22 at 2.08.34 PM\" src=\"https:\/\/alasdelsurcalafate.com\/wp-content\/plugins\/ultimate-responsive-image-slider\/assets\/css\/images\/blank.gif\" data-src=\"https:\/\/alasdelsurcalafate.com\/wp-content\/uploads\/2023\/06\/WhatsApp-Image-2023-06-22-at-2.08.34-PM.jpeg\" \/>\r\n\r\n\t\t\t\t\t\t\t\r\n\t\t\t\t\t\t\t\t\t\t\t\t\t<\/div>\r\n\t\t\t\t\t\t\t\t\t\t\t\t<div class=\"sp-slide\">\r\n\t\t\t\t\t\t\t<img decoding=\"async\" class=\"sp-image\" alt=\"WhatsApp Image 2023-06-22 at 2.09.16 PM\" src=\"https:\/\/alasdelsurcalafate.com\/wp-content\/plugins\/ultimate-responsive-image-slider\/assets\/css\/images\/blank.gif\" data-src=\"https:\/\/alasdelsurcalafate.com\/wp-content\/uploads\/2023\/06\/WhatsApp-Image-2023-06-22-at-2.09.16-PM.jpeg\" \/>\r\n\r\n\t\t\t\t\t\t\t\r\n\t\t\t\t\t\t\t\t\t\t\t\t\t<\/div>\r\n\t\t\t\t\t\t\t\t\t\t\t\t<div class=\"sp-slide\">\r\n\t\t\t\t\t\t\t<img decoding=\"async\" class=\"sp-image\" alt=\"WhatsApp Image 2023-06-22 at 2.08.32 PM\" src=\"https:\/\/alasdelsurcalafate.com\/wp-content\/plugins\/ultimate-responsive-image-slider\/assets\/css\/images\/blank.gif\" data-src=\"https:\/\/alasdelsurcalafate.com\/wp-content\/uploads\/2023\/06\/WhatsApp-Image-2023-06-22-at-2.08.32-PM.jpeg\" \/>\r\n\r\n\t\t\t\t\t\t\t\r\n\t\t\t\t\t\t\t\t\t\t\t\t\t<\/div>\r\n\t\t\t\t\t\t\t\t\t\t\t\t<div class=\"sp-slide\">\r\n\t\t\t\t\t\t\t<img decoding=\"async\" class=\"sp-image\" alt=\"WhatsApp Image 2023-06-22 at 2.08.34 PM (1)\" src=\"https:\/\/alasdelsurcalafate.com\/wp-content\/plugins\/ultimate-responsive-image-slider\/assets\/css\/images\/blank.gif\" data-src=\"https:\/\/alasdelsurcalafate.com\/wp-content\/uploads\/2023\/06\/WhatsApp-Image-2023-06-22-at-2.08.34-PM-1.jpeg\" \/>\r\n\r\n\t\t\t\t\t\t\t\r\n\t\t\t\t\t\t\t\t\t\t\t\t\t<\/div>\r\n\t\t\t\t\t\t\t\t\t\t\t\t<div class=\"sp-slide\">\r\n\t\t\t\t\t\t\t<img decoding=\"async\" class=\"sp-image\" alt=\"WhatsApp Image 2023-06-22 at 2.09.15 PM\" src=\"https:\/\/alasdelsurcalafate.com\/wp-content\/plugins\/ultimate-responsive-image-slider\/assets\/css\/images\/blank.gif\" data-src=\"https:\/\/alasdelsurcalafate.com\/wp-content\/uploads\/2023\/06\/WhatsApp-Image-2023-06-22-at-2.09.15-PM.jpeg\" \/>\r\n\r\n\t\t\t\t\t\t\t\r\n\t\t\t\t\t\t\t\t\t\t\t\t\t<\/div>\r\n\t\t\t\t\t\t\t\t\t\t\t\t<div class=\"sp-slide\">\r\n\t\t\t\t\t\t\t<img decoding=\"async\" class=\"sp-image\" alt=\"WhatsApp Image 2023-06-22 at 2.08.33 PM (2)\" src=\"https:\/\/alasdelsurcalafate.com\/wp-content\/plugins\/ultimate-responsive-image-slider\/assets\/css\/images\/blank.gif\" data-src=\"https:\/\/alasdelsurcalafate.com\/wp-content\/uploads\/2023\/06\/WhatsApp-Image-2023-06-22-at-2.08.33-PM-2.jpeg\" \/>\r\n\r\n\t\t\t\t\t\t\t\r\n\t\t\t\t\t\t\t\t\t\t\t\t\t<\/div>\r\n\t\t\t\t\t\t\t\t\t\t\t\t<div class=\"sp-slide\">\r\n\t\t\t\t\t\t\t<img decoding=\"async\" class=\"sp-image\" alt=\"WhatsApp Image 2023-06-22 at 2.08.33 PM\" src=\"https:\/\/alasdelsurcalafate.com\/wp-content\/plugins\/ultimate-responsive-image-slider\/assets\/css\/images\/blank.gif\" data-src=\"https:\/\/alasdelsurcalafate.com\/wp-content\/uploads\/2023\/06\/WhatsApp-Image-2023-06-22-at-2.08.33-PM.jpeg\" \/>\r\n\r\n\t\t\t\t\t\t\t\r\n\t\t\t\t\t\t\t\t\t\t\t\t\t<\/div>\r\n\t\t\t\t\t\t\t\t\t<\/div>\r\n\t\t\t\r\n\t\t\t<!---- slides div end ---->\r\n\t\t\t\t\t\t<!-- slides thumbnails div start -->\r\n\t\t\t<div class=\"sp-thumbnails\">\r\n\t\t\t\t\t\t\t\t\t\t<img decoding=\"async\" class=\"sp-thumbnail\" src=\"https:\/\/alasdelsurcalafate.com\/wp-content\/plugins\/ultimate-responsive-image-slider\/assets\/img\/loading.gif\" data-src=\"https:\/\/alasdelsurcalafate.com\/wp-content\/uploads\/2023\/06\/WhatsApp-Image-2023-06-22-at-2.08.33-PM-1-225x300.jpeg\" alt=\"WhatsApp Image 2023-06-22 at 2.08.33 PM (1)\"\/>\r\n\t\t\t\t\t\t\t\t\t\t\t<img decoding=\"async\" class=\"sp-thumbnail\" src=\"https:\/\/alasdelsurcalafate.com\/wp-content\/plugins\/ultimate-responsive-image-slider\/assets\/img\/loading.gif\" data-src=\"https:\/\/alasdelsurcalafate.com\/wp-content\/uploads\/2023\/06\/WhatsApp-Image-2023-06-22-at-2.08.34-PM-214x300.jpeg\" alt=\"WhatsApp Image 2023-06-22 at 2.08.34 PM\"\/>\r\n\t\t\t\t\t\t\t\t\t\t\t<img decoding=\"async\" class=\"sp-thumbnail\" src=\"https:\/\/alasdelsurcalafate.com\/wp-content\/plugins\/ultimate-responsive-image-slider\/assets\/img\/loading.gif\" data-src=\"https:\/\/alasdelsurcalafate.com\/wp-content\/uploads\/2023\/06\/WhatsApp-Image-2023-06-22-at-2.09.16-PM-300x271.jpeg\" alt=\"WhatsApp Image 2023-06-22 at 2.09.16 PM\"\/>\r\n\t\t\t\t\t\t\t\t\t\t\t<img decoding=\"async\" class=\"sp-thumbnail\" src=\"https:\/\/alasdelsurcalafate.com\/wp-content\/plugins\/ultimate-responsive-image-slider\/assets\/img\/loading.gif\" data-src=\"https:\/\/alasdelsurcalafate.com\/wp-content\/uploads\/2023\/06\/WhatsApp-Image-2023-06-22-at-2.08.32-PM-300x220.jpeg\" alt=\"WhatsApp Image 2023-06-22 at 2.08.32 PM\"\/>\r\n\t\t\t\t\t\t\t\t\t\t\t<img decoding=\"async\" class=\"sp-thumbnail\" src=\"https:\/\/alasdelsurcalafate.com\/wp-content\/plugins\/ultimate-responsive-image-slider\/assets\/img\/loading.gif\" data-src=\"https:\/\/alasdelsurcalafate.com\/wp-content\/uploads\/2023\/06\/WhatsApp-Image-2023-06-22-at-2.08.34-PM-1-243x300.jpeg\" alt=\"WhatsApp Image 2023-06-22 at 2.08.34 PM (1)\"\/>\r\n\t\t\t\t\t\t\t\t\t\t\t<img decoding=\"async\" class=\"sp-thumbnail\" src=\"https:\/\/alasdelsurcalafate.com\/wp-content\/plugins\/ultimate-responsive-image-slider\/assets\/img\/loading.gif\" data-src=\"https:\/\/alasdelsurcalafate.com\/wp-content\/uploads\/2023\/06\/WhatsApp-Image-2023-06-22-at-2.09.15-PM-225x300.jpeg\" alt=\"WhatsApp Image 2023-06-22 at 2.09.15 PM\"\/>\r\n\t\t\t\t\t\t\t\t\t\t\t<img decoding=\"async\" class=\"sp-thumbnail\" src=\"https:\/\/alasdelsurcalafate.com\/wp-content\/plugins\/ultimate-responsive-image-slider\/assets\/img\/loading.gif\" data-src=\"https:\/\/alasdelsurcalafate.com\/wp-content\/uploads\/2023\/06\/WhatsApp-Image-2023-06-22-at-2.08.33-PM-2-300x212.jpeg\" alt=\"WhatsApp Image 2023-06-22 at 2.08.33 PM (2)\"\/>\r\n\t\t\t\t\t\t\t\t\t\t\t<img decoding=\"async\" class=\"sp-thumbnail\" src=\"https:\/\/alasdelsurcalafate.com\/wp-content\/plugins\/ultimate-responsive-image-slider\/assets\/img\/loading.gif\" data-src=\"https:\/\/alasdelsurcalafate.com\/wp-content\/uploads\/2023\/06\/WhatsApp-Image-2023-06-22-at-2.08.33-PM-225x300.jpeg\" alt=\"WhatsApp Image 2023-06-22 at 2.08.33 PM\"\/>\r\n\t\t\t\t\t\t\t\t<\/div>\r\n\t\t\t\t\t\t<!-- slides thumbnails div end -->\r\n\t\t<\/div>\r\n<\/div>\n\t\t\t\t<\/div>\n\t\t\t\t<\/div>\n\t\t\t\t\t<\/div>\n\t\t<\/div>\n\t\t\t\t<div class=\"elementor-column elementor-col-50 elementor-inner-column elementor-element elementor-element-623cee1\" data-id=\"623cee1\" data-element_type=\"column\">\n\t\t\t<div class=\"elementor-widget-wrap elementor-element-populated\">\n\t\t\t\t\t\t\t\t<div class=\"elementor-element elementor-element-90c99f2 elementor-widget elementor-widget-text-editor\" data-id=\"90c99f2\" data-element_type=\"widget\" data-widget_type=\"text-editor.default\">\n\t\t\t\t<div class=\"elementor-widget-container\">\n\t\t\t<style>\/*! elementor - v3.13.3 - 28-05-2023 *\/\n.elementor-widget-text-editor.elementor-drop-cap-view-stacked .elementor-drop-cap{background-color:#69727d;color:#fff}.elementor-widget-text-editor.elementor-drop-cap-view-framed .elementor-drop-cap{color:#69727d;border:3px solid;background-color:transparent}.elementor-widget-text-editor:not(.elementor-drop-cap-view-default) .elementor-drop-cap{margin-top:8px}.elementor-widget-text-editor:not(.elementor-drop-cap-view-default) .elementor-drop-cap-letter{width:1em;height:1em}.elementor-widget-text-editor .elementor-drop-cap{float:left;text-align:center;line-height:1;font-size:50px}.elementor-widget-text-editor .elementor-drop-cap-letter{display:inline-block}<\/style>\t\t\t\t<p>\u00a1Bienvenido al aeropuerto!<\/p><p>\u00a0<\/p><p>En nuestro servicio de traslado, te recibiremos en el aeropuerto con un cartel personalizado con tu nombre, para que sea f\u00e1cil encontrarnos. Nuestro objetivo es brindarte comodidad y facilitarte el transporte hacia tu alojamiento o directamente al impresionante Glaciar Perito Moreno o a la encantadora localidad de El Chalt\u00e9n.<\/p><p>Si deseas dirigirte a tu alojamiento primero, nos aseguraremos de llevarte all\u00ed de manera segura y c\u00f3moda. Si prefieres ir directamente al majestuoso Glaciar Perito Moreno o explorar la belleza natural de El Chalt\u00e9n, estaremos encantados de llevarte directamente all\u00ed.<\/p><p>Nuestro equipo estar\u00e1 listo para atenderte y garantizar que tu traslado sea agradable y sin preocupaciones. Esperamos poder ser parte de tu experiencia y brindarte un servicio excepcional desde el momento en que llegues al aeropuerto.<\/p><p>\u00a1Estamos emocionados de acompa\u00f1arte en tu aventura y asegurarnos de que disfrutes al m\u00e1ximo de tu tiempo en esta incre\u00edble\u00a0regi\u00f3n!<\/p>\t\t\t\t\t\t<\/div>\n\t\t\t\t<\/div>\n\t\t\t\t\t<\/div>\n\t\t<\/div>\n\t\t\t\t\t\t\t<\/div>\n\t\t<\/section>\n\t\t\t\t<div class=\"elementor-element elementor-element-56ca67f elementor-align-center elementor-widget elementor-widget-button\" data-id=\"56ca67f\" data-element_type=\"widget\" data-widget_type=\"button.default\">\n\t\t\t\t<div class=\"elementor-widget-container\">\n\t\t\t\t\t<div class=\"elementor-button-wrapper\">\n\t\t\t<a href=\"https:\/\/alasdelsurcalafate.com\/#SERVICIOS\" class=\"elementor-button-link elementor-button elementor-size-md\" role=\"button\">\n\t\t\t\t\t\t<span class=\"elementor-button-content-wrapper\">\n\t\t\t\t\t\t<span class=\"elementor-button-text\">VOLVER<\/span>\n\t\t<\/span>\n\t\t\t\t\t<\/a>\n\t\t<\/div>\n\t\t\t\t<\/div>\n\t\t\t\t<\/div>\n\t\t\t\t\t<\/div>\n\t\t<\/div>\n\t\t\t\t\t\t\t<\/div>\n\t\t<\/section>\n\t\t\t\t\t\t\t<\/div>\n\t\t","protected":false},"excerpt":{"rendered":"<p>In\/out Aeropuerto \u00a1Bienvenido al aeropuerto! \u00a0 En nuestro servicio de traslado, te recibiremos en el aeropuerto con un cartel personalizado con tu nombre, para que sea f\u00e1cil encontrarnos. Nuestro objetivo es brindarte comodidad y facilitarte el transporte hacia tu alojamiento o directamente al impresionante Glaciar Perito Moreno o a la encantadora localidad de El Chalt\u00e9n. &hellip;<\/p>\n<p class=\"read-more\"> <a class=\"\" href=\"https:\/\/alasdelsurcalafate.com\/?p=2106\"> <span class=\"screen-reader-text\">Aeropuerto<\/span> Leer m\u00e1s &raquo;<\/a><\/p>\n","protected":false},"author":1,"featured_media":0,"parent":0,"menu_order":0,"comment_status":"closed","ping_status":"closed","template":"","meta":{"_uag_custom_page_level_css":"","site-sidebar-layout":"no-sidebar","site-content-layout":"page-builder","ast-global-header-display":"","ast-banner-title-visibility":"","ast-main-header-display":"","ast-hfb-above-header-display":"","ast-hfb-below-header-display":"","ast-hfb-mobile-header-display":"","site-post-title":"disabled","ast-breadcrumbs-content":"","ast-featured-img":"disabled","footer-sml-layout":"","theme-transparent-header-meta":"","adv-header-id-meta":"","stick-header-meta":"","header-above-stick-meta":"","header-main-stick-meta":"","header-below-stick-meta":""},"yoast_head":"<!-- This site is optimized with the Yoast SEO plugin v20.10 - https:\/\/yoast.com\/wordpress\/plugins\/seo\/ -->\n<title>AEROPUERTO - Alasdelsur Traslado privado<\/title>\n<meta name=\"description\" content=\"Conoce nuestro servicio de traslado privado de hotel a aeropuerto o viceversa en el calafate o el chalten.\" \/>\n<meta name=\"robots\" content=\"index, follow, max-snippet:-1, max-image-preview:large, max-video-preview:-1\" \/>\n<link rel=\"canonical\" href=\"https:\/\/alasdelsurcalafate.site\/?page_id=1997\" \/>\n<meta property=\"og:locale\" content=\"es_ES\" \/>\n<meta property=\"og:type\" content=\"article\" \/>\n<meta property=\"og:title\" content=\"AEROPUERTO - Alasdelsur Traslado privado\" \/>\n<meta property=\"og:description\" content=\"Conoce nuestro servicio de traslado privado de hotel a aeropuerto o viceversa en el calafate o el chalten.\" \/>\n<meta property=\"og:url\" content=\"https:\/\/alasdelsurcalafate.site\/?page_id=1997\" \/>\n<meta property=\"og:site_name\" content=\"Alasdelsur\" \/>\n<meta property=\"article:modified_time\" content=\"2023-07-10T23:28:28+00:00\" \/>\n<meta name=\"twitter:card\" content=\"summary_large_image\" \/>\n<meta name=\"twitter:label1\" content=\"Tiempo de lectura\" \/>\n\t<meta name=\"twitter:data1\" content=\"4 minutos\" \/>\n<script type=\"application\/ld+json\" class=\"yoast-schema-graph\">{\"@context\":\"https:\/\/schema.org\",\"@graph\":[{\"@type\":\"WebPage\",\"@id\":\"https:\/\/alasdelsurcalafate.site\/?page_id=1997\",\"url\":\"https:\/\/alasdelsurcalafate.site\/?page_id=1997\",\"name\":\"AEROPUERTO - Alasdelsur Traslado privado\",\"isPartOf\":{\"@id\":\"https:\/\/alasdelsurcalafate.site\/#website\"},\"datePublished\":\"2023-06-16T20:21:44+00:00\",\"dateModified\":\"2023-07-10T23:28:28+00:00\",\"description\":\"Conoce nuestro servicio de traslado privado de hotel a aeropuerto o viceversa en el calafate o el chalten.\",\"breadcrumb\":{\"@id\":\"https:\/\/alasdelsurcalafate.site\/?page_id=1997#breadcrumb\"},\"inLanguage\":\"es-AR\",\"potentialAction\":[{\"@type\":\"ReadAction\",\"target\":[\"https:\/\/alasdelsurcalafate.site\/?page_id=1997\"]}]},{\"@type\":\"BreadcrumbList\",\"@id\":\"https:\/\/alasdelsurcalafate.site\/?page_id=1997#breadcrumb\",\"itemListElement\":[{\"@type\":\"ListItem\",\"position\":1,\"name\":\"Inicio\",\"item\":\"https:\/\/alasdelsurcalafate.site\/\"},{\"@type\":\"ListItem\",\"position\":2,\"name\":\"AEROPUERTO\"}]},{\"@type\":\"WebSite\",\"@id\":\"https:\/\/alasdelsurcalafate.site\/#website\",\"url\":\"https:\/\/alasdelsurcalafate.site\/\",\"name\":\"Alasdelsur\",\"description\":\"\",\"publisher\":{\"@id\":\"https:\/\/alasdelsurcalafate.site\/#organization\"},\"potentialAction\":[{\"@type\":\"SearchAction\",\"target\":{\"@type\":\"EntryPoint\",\"urlTemplate\":\"https:\/\/alasdelsurcalafate.site\/?s={search_term_string}\"},\"query-input\":\"required name=search_term_string\"}],\"inLanguage\":\"es-AR\"},{\"@type\":\"Organization\",\"@id\":\"https:\/\/alasdelsurcalafate.site\/#organization\",\"name\":\"Alasdelsur\",\"url\":\"https:\/\/alasdelsurcalafate.site\/\",\"logo\":{\"@type\":\"ImageObject\",\"inLanguage\":\"es-AR\",\"@id\":\"https:\/\/alasdelsurcalafate.site\/#\/schema\/logo\/image\/\",\"url\":\"https:\/\/alasdelsurcalafate.com\/wp-content\/uploads\/2023\/06\/cropped-Logo-removebg-preview.png\",\"contentUrl\":\"https:\/\/alasdelsurcalafate.com\/wp-content\/uploads\/2023\/06\/cropped-Logo-removebg-preview.png\",\"width\":499,\"height\":499,\"caption\":\"Alasdelsur\"},\"image\":{\"@id\":\"https:\/\/alasdelsurcalafate.site\/#\/schema\/logo\/image\/\"}}]}<\/script>\n<!-- \/ Yoast SEO plugin. -->","yoast_head_json":{"title":"AEROPUERTO - Alasdelsur Traslado privado","description":"Conoce nuestro servicio de traslado privado de hotel a aeropuerto o viceversa en el calafate o el chalten.","robots":{"index":"index","follow":"follow","max-snippet":"max-snippet:-1","max-image-preview":"max-image-preview:large","max-video-preview":"max-video-preview:-1"},"canonical":"https:\/\/alasdelsurcalafate.site\/?page_id=1997","og_locale":"es_ES","og_type":"article","og_title":"AEROPUERTO - Alasdelsur Traslado privado","og_description":"Conoce nuestro servicio de traslado privado de hotel a aeropuerto o viceversa en el calafate o el chalten.","og_url":"https:\/\/alasdelsurcalafate.site\/?page_id=1997","og_site_name":"Alasdelsur","article_modified_time":"2023-07-10T23:28:28+00:00","twitter_card":"summary_large_image","twitter_misc":{"Tiempo de lectura":"4 minutos"},"schema":{"@context":"https:\/\/schema.org","@graph":[{"@type":"WebPage","@id":"https:\/\/alasdelsurcalafate.site\/?page_id=1997","url":"https:\/\/alasdelsurcalafate.site\/?page_id=1997","name":"AEROPUERTO - Alasdelsur Traslado privado","isPartOf":{"@id":"https:\/\/alasdelsurcalafate.site\/#website"},"datePublished":"2023-06-16T20:21:44+00:00","dateModified":"2023-07-10T23:28:28+00:00","description":"Conoce nuestro servicio de traslado privado de hotel a aeropuerto o viceversa en el calafate o el chalten.","breadcrumb":{"@id":"https:\/\/alasdelsurcalafate.site\/?page_id=1997#breadcrumb"},"inLanguage":"es-AR","potentialAction":[{"@type":"ReadAction","target":["https:\/\/alasdelsurcalafate.site\/?page_id=1997"]}]},{"@type":"BreadcrumbList","@id":"https:\/\/alasdelsurcalafate.site\/?page_id=1997#breadcrumb","itemListElement":[{"@type":"ListItem","position":1,"name":"Inicio","item":"https:\/\/alasdelsurcalafate.site\/"},{"@type":"ListItem","position":2,"name":"AEROPUERTO"}]},{"@type":"WebSite","@id":"https:\/\/alasdelsurcalafate.site\/#website","url":"https:\/\/alasdelsurcalafate.site\/","name":"Alasdelsur","description":"","publisher":{"@id":"https:\/\/alasdelsurcalafate.site\/#organization"},"potentialAction":[{"@type":"SearchAction","target":{"@type":"EntryPoint","urlTemplate":"https:\/\/alasdelsurcalafate.site\/?s={search_term_string}"},"query-input":"required name=search_term_string"}],"inLanguage":"es-AR"},{"@type":"Organization","@id":"https:\/\/alasdelsurcalafate.site\/#organization","name":"Alasdelsur","url":"https:\/\/alasdelsurcalafate.site\/","logo":{"@type":"ImageObject","inLanguage":"es-AR","@id":"https:\/\/alasdelsurcalafate.site\/#\/schema\/logo\/image\/","url":"https:\/\/alasdelsurcalafate.com\/wp-content\/uploads\/2023\/06\/cropped-Logo-removebg-preview.png","contentUrl":"https:\/\/alasdelsurcalafate.com\/wp-content\/uploads\/2023\/06\/cropped-Logo-removebg-preview.png","width":499,"height":499,"caption":"Alasdelsur"},"image":{"@id":"https:\/\/alasdelsurcalafate.site\/#\/schema\/logo\/image\/"}}]}},"uagb_featured_image_src":{"full":false,"thumbnail":false,"medium":false,"medium_large":false,"large":false,"rpg_gallery_admin_thumb":false,"rpg_gallery_thumb":false,"1536x1536":false,"2048x2048":false},"uagb_author_info":{"display_name":"Federico","author_link":"https:\/\/alasdelsurcalafate.com\/?author=1"},"uagb_comment_info":0,"uagb_excerpt":"In\/out Aeropuerto \u00a1Bienvenido al aeropuerto! \u00a0 En nuestro servicio de traslado, te recibiremos en el aeropuerto con un cartel personalizado con tu nombre, para que sea f\u00e1cil encontrarnos. Nuestro objetivo es brindarte comodidad y facilitarte el transporte hacia tu alojamiento o directamente al impresionante Glaciar Perito Moreno o a la encantadora localidad de El Chalt\u00e9n.&hellip;","_links":{"self":[{"href":"https:\/\/alasdelsurcalafate.com\/index.php?rest_route=\/wp\/v2\/pages\/1997"}],"collection":[{"href":"https:\/\/alasdelsurcalafate.com\/index.php?rest_route=\/wp\/v2\/pages"}],"about":[{"href":"https:\/\/alasdelsurcalafate.com\/index.php?rest_route=\/wp\/v2\/types\/page"}],"author":[{"embeddable":true,"href":"https:\/\/alasdelsurcalafate.com\/index.php?rest_route=\/wp\/v2\/users\/1"}],"replies":[{"embeddable":true,"href":"https:\/\/alasdelsurcalafate.com\/index.php?rest_route=%2Fwp%2Fv2%2Fcomments&post=1997"}],"version-history":[{"count":34,"href":"https:\/\/alasdelsurcalafate.com\/index.php?rest_route=\/wp\/v2\/pages\/1997\/revisions"}],"predecessor-version":[{"id":2199,"href":"https:\/\/alasdelsurcalafate.com\/index.php?rest_route=\/wp\/v2\/pages\/1997\/revisions\/2199"}],"wp:attachment":[{"href":"https:\/\/alasdelsurcalafate.com\/index.php?rest_route=%2Fwp%2Fv2%2Fmedia&parent=1997"}],"curies":[{"name":"wp","href":"https:\/\/api.w.org\/{rel}","templated":true}]}}